{"id":1004,"date":"2023-07-03T19:20:18","date_gmt":"2023-07-03T17:20:18","guid":{"rendered":"http:\/\/privatebox.rs\/11120-beograd-27-marta-39\/"},"modified":"2025-04-23T20:19:21","modified_gmt":"2025-04-23T18:19:21","slug":"srbija-beograd-27-marta-39","status":"publish","type":"page","link":"https:\/\/privatebox.rs\/sr\/srbija-beograd-27-marta-39\/","title":{"rendered":"Srbija, Beograd, Ul. 27 marta, 39"},"content":{"rendered":"\t\t<div data-elementor-type=\"wp-page\" data-elementor-id=\"1004\" class=\"elementor elementor-1004 elementor-782\" data-elementor-post-type=\"page\">\n\t\t\t\t\t\t\t\t\t<section data-particle_enable=\"false\" data-particle-mobile-disabled=\"false\" class=\"elementor-section elementor-top-section elementor-element elementor-element-edcdd2b elementor-section-boxed elementor-section-height-default elementor-section-height-default\" data-id=\"edcdd2b\" data-element_type=\"section\">\n\t\t\t\t\t\t<div class=\"elementor-container elementor-column-gap-default\">\n\t\t\t\t\t<div class=\"elementor-column elementor-col-100 elementor-top-column elementor-element elementor-element-9c628f5\" data-id=\"9c628f5\" data-element_type=\"column\">\n\t\t\t<div class=\"elementor-widget-wrap elementor-element-populated\">\n\t\t\t\t\t\t\t\t<div class=\"elementor-element elementor-element-226e0e3 elementor-widget elementor-widget-heading\" data-id=\"226e0e3\" data-element_type=\"widget\" data-widget_type=\"heading.default\">\n\t\t\t\t<div class=\"elementor-widget-container\">\n\t\t\t<style>\/*! elementor - v3.16.0 - 13-09-2023 *\/\n.elementor-heading-title{padding:0;margin:0;line-height:1}.elementor-widget-heading .elementor-heading-title[class*=elementor-size-]>a{color:inherit;font-size:inherit;line-height:inherit}.elementor-widget-heading .elementor-heading-title.elementor-size-small{font-size:15px}.elementor-widget-heading .elementor-heading-title.elementor-size-medium{font-size:19px}.elementor-widget-heading .elementor-heading-title.elementor-size-large{font-size:29px}.elementor-widget-heading .elementor-heading-title.elementor-size-xl{font-size:39px}.elementor-widget-heading .elementor-heading-title.elementor-size-xxl{font-size:59px}<\/style><h2 class=\"elementor-heading-title elementor-size-default\">SKLADI\u0160TE<\/h2>\t\t<\/div>\n\t\t\t\t<\/div>\n\t\t\t\t\t<\/div>\n\t\t<\/div>\n\t\t\t\t\t\t\t<\/div>\n\t\t<\/section>\n\t\t\t\t<section data-particle_enable=\"false\" data-particle-mobile-disabled=\"false\" class=\"elementor-section elementor-top-section elementor-element elementor-element-bafa16a elementor-section-full_width elementor-section-height-default elementor-section-height-default\" data-id=\"bafa16a\" data-element_type=\"section\">\n\t\t\t\t\t\t<div class=\"elementor-container elementor-column-gap-default\">\n\t\t\t\t\t<div class=\"elementor-column elementor-col-100 elementor-top-column elementor-element elementor-element-152d22b\" data-id=\"152d22b\" data-element_type=\"column\" data-settings=\"{&quot;background_background&quot;:&quot;classic&quot;}\">\n\t\t\t<div class=\"elementor-widget-wrap elementor-element-populated\">\n\t\t\t\t\t\t\t\t<div class=\"elementor-element elementor-element-07dec21 elementor-widget elementor-widget-heading\" data-id=\"07dec21\" data-element_type=\"widget\" data-widget_type=\"heading.default\">\n\t\t\t\t<div class=\"elementor-widget-container\">\n\t\t\t<h4 class=\"elementor-heading-title elementor-size-large\">Lokacija #2: <br>Srbija, Beograd, Ul. 27 marta, 39<\/h4>\t\t<\/div>\n\t\t\t\t<\/div>\n\t\t\t\t\t<\/div>\n\t\t<\/div>\n\t\t\t\t\t\t\t<\/div>\n\t\t<\/section>\n\t\t\t\t<section data-particle_enable=\"false\" data-particle-mobile-disabled=\"false\" class=\"elementor-section elementor-top-section elementor-element elementor-element-865f37d elementor-section-full_width elementor-section-height-default elementor-section-height-default\" data-id=\"865f37d\" data-element_type=\"section\">\n\t\t\t\t\t\t<div class=\"elementor-container elementor-column-gap-default\">\n\t\t\t\t\t<div class=\"elementor-column elementor-col-100 elementor-top-column elementor-element elementor-element-1810712\" data-id=\"1810712\" data-element_type=\"column\">\n\t\t\t<div class=\"elementor-widget-wrap elementor-element-populated\">\n\t\t\t\t\t\t\t\t<div class=\"elementor-element elementor-element-422f3a0 elementor-widget elementor-widget-text-editor\" data-id=\"422f3a0\" data-element_type=\"widget\" data-widget_type=\"text-editor.default\">\n\t\t\t\t<div class=\"elementor-widget-container\">\n\t\t\t<style>\/*! elementor - v3.16.0 - 13-09-2023 *\/\n.elementor-widget-text-editor.elementor-drop-cap-view-stacked .elementor-drop-cap{background-color:#69727d;color:#fff}.elementor-widget-text-editor.elementor-drop-cap-view-framed .elementor-drop-cap{color:#69727d;border:3px solid;background-color:transparent}.elementor-widget-text-editor:not(.elementor-drop-cap-view-default) .elementor-drop-cap{margin-top:8px}.elementor-widget-text-editor:not(.elementor-drop-cap-view-default) .elementor-drop-cap-letter{width:1em;height:1em}.elementor-widget-text-editor .elementor-drop-cap{float:left;text-align:center;line-height:1;font-size:50px}.elementor-widget-text-editor .elementor-drop-cap-letter{display:inline-block}<\/style>\t\t\t\t<p><b>Skladi\u0161te je suvo, toplo i nalazi se na podzemnom nivou (-1) zgrade.<\/b><\/p>\t\t\t\t\t\t<\/div>\n\t\t\t\t<\/div>\n\t\t\t\t<div class=\"elementor-element elementor-element-3703eaa elementor-skin-coverflow elementor-arrows-yes elementor-pagination-type-bullets elementor-pagination-position-outside elementor-widget elementor-widget-media-carousel\" data-id=\"3703eaa\" data-element_type=\"widget\" data-settings=\"{&quot;skin&quot;:&quot;coverflow&quot;,&quot;lazyload&quot;:&quot;yes&quot;,&quot;show_arrows&quot;:&quot;yes&quot;,&quot;pagination&quot;:&quot;bullets&quot;,&quot;speed&quot;:500,&quot;autoplay&quot;:&quot;yes&quot;,&quot;autoplay_speed&quot;:5000,&quot;loop&quot;:&quot;yes&quot;,&quot;pause_on_hover&quot;:&quot;yes&quot;,&quot;pause_on_interaction&quot;:&quot;yes&quot;,&quot;space_between&quot;:{&quot;unit&quot;:&quot;px&quot;,&quot;size&quot;:10,&quot;sizes&quot;:[]},&quot;space_between_tablet&quot;:{&quot;unit&quot;:&quot;px&quot;,&quot;size&quot;:10,&quot;sizes&quot;:[]},&quot;space_between_mobile&quot;:{&quot;unit&quot;:&quot;px&quot;,&quot;size&quot;:10,&quot;sizes&quot;:[]}}\" data-widget_type=\"media-carousel.default\">\n\t\t\t\t<div class=\"elementor-widget-container\">\n\t\t\t<link rel=\"stylesheet\" href=\"https:\/\/privatebox.rs\/wp-content\/plugins\/elementor-pro\/assets\/css\/widget-carousel.min.css\">\t\t<div class=\"elementor-swiper\">\n\t\t\t<div class=\"elementor-main-swiper swiper\">\n\t\t\t\t<div class=\"swiper-wrapper\">\n\t\t\t\t\t\t\t\t\t\t\t<div class=\"swiper-slide\">\n\t\t\t\t\t\t\t\t\t<div class=\"elementor-carousel-image swiper-lazy\" role=\"img\" aria-label=\"20230607_165956-scaled.jpg\" data-background=\"https:\/\/privatebox.rs\/wp-content\/uploads\/2023\/09\/20230607_165956-scaled-1.jpg\">\n\n\t\t\t\t\t\t\t<div class=\"swiper-lazy-preloader\"><\/div>\n\t\t\t\n\t\t\t\t\t<\/div>\n\t\t\t\t\t\t\t\t<\/div>\n\t\t\t\t\t\t\t\t\t\t\t<div class=\"swiper-slide\">\n\t\t\t\t\t\t\t\t\t<div class=\"elementor-carousel-image swiper-lazy\" role=\"img\" aria-label=\"20230607_170004-scaled-e1688074192923.jpg\" data-background=\"https:\/\/privatebox.rs\/wp-content\/uploads\/2023\/09\/20230607_170004-scaled-e1688074192923.jpg\">\n\n\t\t\t\t\t\t\t<div class=\"swiper-lazy-preloader\"><\/div>\n\t\t\t\n\t\t\t\t\t<\/div>\n\t\t\t\t\t\t\t\t<\/div>\n\t\t\t\t\t\t\t\t\t\t\t<div class=\"swiper-slide\">\n\t\t\t\t\t\t\t\t\t<div class=\"elementor-carousel-image swiper-lazy\" role=\"img\" aria-label=\"20230607_170018-scaled.jpg\" data-background=\"https:\/\/privatebox.rs\/wp-content\/uploads\/2023\/09\/20230607_170018-scaled-1.jpg\">\n\n\t\t\t\t\t\t\t<div class=\"swiper-lazy-preloader\"><\/div>\n\t\t\t\n\t\t\t\t\t<\/div>\n\t\t\t\t\t\t\t\t<\/div>\n\t\t\t\t\t\t\t\t\t\t\t<div class=\"swiper-slide\">\n\t\t\t\t\t\t\t\t\t<div class=\"elementor-carousel-image swiper-lazy\" role=\"img\" aria-label=\"IMG_6398-scaled.jpg\" data-background=\"https:\/\/privatebox.rs\/wp-content\/uploads\/2023\/09\/IMG_6398-scaled-1.jpg\">\n\n\t\t\t\t\t\t\t<div class=\"swiper-lazy-preloader\"><\/div>\n\t\t\t\n\t\t\t\t\t<\/div>\n\t\t\t\t\t\t\t\t<\/div>\n\t\t\t\t\t\t\t\t\t\t\t<div class=\"swiper-slide\">\n\t\t\t\t\t\t\t\t\t<div class=\"elementor-carousel-image swiper-lazy\" role=\"img\" aria-label=\"IMG_6404-scaled.jpg\" data-background=\"https:\/\/privatebox.rs\/wp-content\/uploads\/2023\/09\/IMG_6404-scaled-1.jpg\">\n\n\t\t\t\t\t\t\t<div class=\"swiper-lazy-preloader\"><\/div>\n\t\t\t\n\t\t\t\t\t<\/div>\n\t\t\t\t\t\t\t\t<\/div>\n\t\t\t\t\t\t\t\t\t<\/div>\n\t\t\t\t\t\t\t\t\t\t\t\t\t\t\t<div class=\"swiper-pagination\"><\/div>\n\t\t\t\t\t\t\t\t\t\t\t\t\t\t\t\t<div class=\"elementor-swiper-button elementor-swiper-button-prev\" role=\"button\" tabindex=\"0\">\n\t\t\t\t\t\t\t<i aria-hidden=\"true\" class=\"eicon-chevron-left\"><\/i>\t\t\t\t\t\t\t<span class=\"elementor-screen-only\">Previous<\/span>\n\t\t\t\t\t\t<\/div>\n\t\t\t\t\t\t<div class=\"elementor-swiper-button elementor-swiper-button-next\" role=\"button\" tabindex=\"0\">\n\t\t\t\t\t\t\t<i aria-hidden=\"true\" class=\"eicon-chevron-right\"><\/i>\t\t\t\t\t\t\t<span class=\"elementor-screen-only\">Next<\/span>\n\t\t\t\t\t\t<\/div>\n\t\t\t\t\t\t\t\t\t\t\t\t<\/div>\n\t\t<\/div>\n\t\t\t\t<\/div>\n\t\t\t\t<\/div>\n\t\t\t\t<div class=\"elementor-element elementor-element-7db2836 elementor-widget elementor-widget-google_maps\" data-id=\"7db2836\" data-element_type=\"widget\" data-widget_type=\"google_maps.default\">\n\t\t\t\t<div class=\"elementor-widget-container\">\n\t\t\t<style>\/*! elementor - v3.16.0 - 13-09-2023 *\/\n.elementor-widget-google_maps .elementor-widget-container{overflow:hidden}.elementor-widget-google_maps .elementor-custom-embed{line-height:0}.elementor-widget-google_maps iframe{height:300px}<\/style>\t\t<div class=\"elementor-custom-embed\">\n\t\t\t<iframe loading=\"lazy\"\n\t\t\t\t\tsrc=\"https:\/\/maps.google.com\/maps?q=11120%20Belgrade%2C%2027%20marta%2C%2039&#038;t=m&#038;z=16&#038;output=embed&#038;iwloc=near\"\n\t\t\t\t\ttitle=\"11120 Belgrade, 27 marta, 39\"\n\t\t\t\t\taria-label=\"11120 Belgrade, 27 marta, 39\"\n\t\t\t><\/iframe>\n\t\t<\/div>\n\t\t\t\t<\/div>\n\t\t\t\t<\/div>\n\t\t\t\t\t<\/div>\n\t\t<\/div>\n\t\t\t\t\t\t\t<\/div>\n\t\t<\/section>\n\t\t\t\t<section data-particle_enable=\"false\" data-particle-mobile-disabled=\"false\" class=\"elementor-section elementor-top-section elementor-element elementor-element-e4ab856 elementor-section-boxed elementor-section-height-default elementor-section-height-default\" data-id=\"e4ab856\" data-element_type=\"section\" data-settings=\"{&quot;background_background&quot;:&quot;classic&quot;}\">\n\t\t\t\t\t\t<div class=\"elementor-container elementor-column-gap-no\">\n\t\t\t\t\t<div class=\"elementor-column elementor-col-100 elementor-top-column elementor-element elementor-element-8537656\" data-id=\"8537656\" data-element_type=\"column\">\n\t\t\t<div class=\"elementor-widget-wrap elementor-element-populated\">\n\t\t\t\t\t\t\t\t<div class=\"elementor-element elementor-element-d921ab7 elementor-widget__width-initial elementor-widget elementor-widget-heading\" data-id=\"d921ab7\" data-element_type=\"widget\" data-widget_type=\"heading.default\">\n\t\t\t\t<div class=\"elementor-widget-container\">\n\t\t\t<h4 class=\"elementor-heading-title elementor-size-large\">MINI SKLADI\u0160TA 24\/7\n<br>\u010cUVANJE STVARI<\/h4>\t\t<\/div>\n\t\t\t\t<\/div>\n\t\t\t\t<div class=\"elementor-element elementor-element-4832b69 elementor-widget__width-initial elementor-widget elementor-widget-image\" data-id=\"4832b69\" data-element_type=\"widget\" data-widget_type=\"image.default\">\n\t\t\t\t<div class=\"elementor-widget-container\">\n\t\t\t<style>\/*! elementor - v3.16.0 - 13-09-2023 *\/\n.elementor-widget-image{text-align:center}.elementor-widget-image a{display:inline-block}.elementor-widget-image a img[src$=\".svg\"]{width:48px}.elementor-widget-image img{vertical-align:middle;display:inline-block}<\/style>\t\t\t\t\t\t\t\t\t\t\t\t<img loading=\"lazy\" decoding=\"async\" width=\"420\" height=\"180\" src=\"https:\/\/privatebox.rs\/wp-content\/uploads\/2024\/04\/logoinlinenew.png\" class=\"attachment-full size-full wp-image-2715\" alt=\"\" srcset=\"https:\/\/privatebox.rs\/wp-content\/uploads\/2024\/04\/logoinlinenew.png 420w, https:\/\/privatebox.rs\/wp-content\/uploads\/2024\/04\/logoinlinenew-300x129.png 300w\" sizes=\"auto, (max-width: 420px) 100vw, 420px\" \/>\t\t\t\t\t\t\t\t\t\t\t\t\t\t\t<\/div>\n\t\t\t\t<\/div>\n\t\t\t\t\t<\/div>\n\t\t<\/div>\n\t\t\t\t\t\t\t<\/div>\n\t\t<\/section>\n\t\t\t\t\t\t\t<\/div>\n\t\t","protected":false},"excerpt":{"rendered":"<p>SKLADI\u0160TE Lokacija #2: Srbija, Beograd, Ul. 27 marta, 39 Skladi\u0161te je suvo, toplo i nalazi se na podzemnom nivou (-1) zgrade. Previous Next MINI SKLADI\u0160TA 24\/7 \u010cUVANJE STVARI<\/p>\n","protected":false},"author":1,"featured_media":0,"parent":0,"menu_order":0,"comment_status":"closed","ping_status":"closed","template":"","meta":{"site-sidebar-layout":"no-sidebar","site-content-layout":"page-builder","ast-site-content-layout":"full-width-container","site-content-style":"unboxed","site-sidebar-style":"unboxed","ast-global-header-display":"","ast-banner-title-visibility":"","ast-main-header-display":"","ast-hfb-above-header-display":"","ast-hfb-below-header-display":"","ast-hfb-mobile-header-display":"","site-post-title":"disabled","ast-breadcrumbs-content":"disabled","ast-featured-img":"disabled","footer-sml-layout":"","theme-transparent-header-meta":"default","adv-header-id-meta":"","stick-header-meta":"","header-above-stick-meta":"","header-main-stick-meta":"","header-below-stick-meta":"","astra-migrate-meta-layouts":"set","ngg_post_thumbnail":0,"footnotes":""},"class_list":["post-1004","page","type-page","status-publish","hentry"],"yoast_head":"<!-- This site is optimized with the Yoast SEO Premium plugin v21.1 (Yoast SEO v21.1) - https:\/\/yoast.com\/wordpress\/plugins\/seo\/ -->\n<title>Srbija, Beograd, Ul. 27 marta, 39 - Private Box<\/title>\n<meta name=\"description\" content=\"Prvi u Srbiji samoskladi\u0161tenje 24\/7 blizu va\u0161e ku\u0107e. Pogledajte na\u0161e skladi\u0161te u Beogradu i sigurni smo da \u0107ete prona\u0107i odli\u010dno re\u0161enje za \u010duvanje va\u0161ih stvari!\" \/>\n<meta name=\"robots\" content=\"index, follow, max-snippet:-1, max-image-preview:large, max-video-preview:-1\" \/>\n<link rel=\"canonical\" href=\"https:\/\/privatebox.rs\/sr\/srbija-beograd-27-marta-39\/\" \/>\n<meta property=\"og:locale\" content=\"sr_RS\" \/>\n<meta property=\"og:type\" content=\"article\" \/>\n<meta property=\"og:title\" content=\"Srbija, Beograd, Ul. 27 marta, 39\" \/>\n<meta property=\"og:description\" content=\"Prvi u Srbiji samoskladi\u0161tenje 24\/7 blizu va\u0161e ku\u0107e. Pogledajte na\u0161e skladi\u0161te u Beogradu i sigurni smo da \u0107ete prona\u0107i odli\u010dno re\u0161enje za \u010duvanje va\u0161ih stvari!\" \/>\n<meta property=\"og:url\" content=\"https:\/\/privatebox.rs\/sr\/srbija-beograd-27-marta-39\/\" \/>\n<meta property=\"og:site_name\" content=\"Private Box\" \/>\n<meta property=\"article:publisher\" content=\"https:\/\/www.facebook.com\/privatebox.rs\" \/>\n<meta property=\"article:modified_time\" content=\"2025-04-23T18:19:21+00:00\" \/>\n<meta property=\"og:image\" content=\"https:\/\/privatebox.rs\/wp-content\/uploads\/2024\/04\/logoinlinenew.png\" \/>\n<meta name=\"twitter:card\" content=\"summary_large_image\" \/>\n<meta name=\"twitter:label1\" content=\"\u041f\u0440\u043e\u0446\u0435\u045a\u0435\u043d\u043e \u0432\u0440\u0435\u043c\u0435 \u0447\u0438\u0442\u0430\u045a\u0430\" \/>\n\t<meta name=\"twitter:data1\" content=\"1 \u043c\u0438\u043d\u0443\u0442\" \/>\n<script type=\"application\/ld+json\" class=\"yoast-schema-graph\">{\"@context\":\"https:\/\/schema.org\",\"@graph\":[{\"@type\":\"WebPage\",\"@id\":\"https:\/\/privatebox.rs\/sr\/srbija-beograd-27-marta-39\/\",\"url\":\"https:\/\/privatebox.rs\/sr\/srbija-beograd-27-marta-39\/\",\"name\":\"Srbija, Beograd, Ul. 27 marta, 39 - Private Box\",\"isPartOf\":{\"@id\":\"https:\/\/privatebox.rs\/sr\/#website\"},\"datePublished\":\"2023-07-03T17:20:18+00:00\",\"dateModified\":\"2025-04-23T18:19:21+00:00\",\"description\":\"Prvi u Srbiji samoskladi\u0161tenje 24\/7 blizu va\u0161e ku\u0107e. Pogledajte na\u0161e skladi\u0161te u Beogradu i sigurni smo da \u0107ete prona\u0107i odli\u010dno re\u0161enje za \u010duvanje va\u0161ih stvari!\",\"breadcrumb\":{\"@id\":\"https:\/\/privatebox.rs\/sr\/srbija-beograd-27-marta-39\/#breadcrumb\"},\"inLanguage\":\"sr-RS\",\"potentialAction\":[{\"@type\":\"ReadAction\",\"target\":[\"https:\/\/privatebox.rs\/sr\/srbija-beograd-27-marta-39\/\"]}]},{\"@type\":\"BreadcrumbList\",\"@id\":\"https:\/\/privatebox.rs\/sr\/srbija-beograd-27-marta-39\/#breadcrumb\",\"itemListElement\":[{\"@type\":\"ListItem\",\"position\":1,\"name\":\"Home\",\"item\":\"https:\/\/privatebox.rs\/sr\/\"},{\"@type\":\"ListItem\",\"position\":2,\"name\":\"Srbija, Beograd, Ul. 27 marta, 39\"}]},{\"@type\":\"WebSite\",\"@id\":\"https:\/\/privatebox.rs\/sr\/#website\",\"url\":\"https:\/\/privatebox.rs\/sr\/\",\"name\":\"Private Box Self Storage\",\"description\":\"Self Storage Company Belgrade\",\"publisher\":{\"@id\":\"https:\/\/privatebox.rs\/sr\/#organization\"},\"potentialAction\":[{\"@type\":\"SearchAction\",\"target\":{\"@type\":\"EntryPoint\",\"urlTemplate\":\"https:\/\/privatebox.rs\/sr\/?s={search_term_string}\"},\"query-input\":\"required name=search_term_string\"}],\"inLanguage\":\"sr-RS\"},{\"@type\":\"Organization\",\"@id\":\"https:\/\/privatebox.rs\/sr\/#organization\",\"name\":\"Private Box Self Storage\",\"url\":\"https:\/\/privatebox.rs\/sr\/\",\"logo\":{\"@type\":\"ImageObject\",\"inLanguage\":\"sr-RS\",\"@id\":\"https:\/\/privatebox.rs\/sr\/#\/schema\/logo\/image\/\",\"url\":\"https:\/\/privatebox.rs\/wp-content\/uploads\/2024\/04\/logoretinafinal.png\",\"contentUrl\":\"https:\/\/privatebox.rs\/wp-content\/uploads\/2024\/04\/logoretinafinal.png\",\"width\":490,\"height\":190,\"caption\":\"Private Box Self Storage\"},\"image\":{\"@id\":\"https:\/\/privatebox.rs\/sr\/#\/schema\/logo\/image\/\"},\"sameAs\":[\"https:\/\/www.facebook.com\/privatebox.rs\"]}]}<\/script>\n<!-- \/ Yoast SEO Premium plugin. -->","yoast_head_json":{"title":"Srbija, Beograd, Ul. 27 marta, 39 - Private Box","description":"Prvi u Srbiji samoskladi\u0161tenje 24\/7 blizu va\u0161e ku\u0107e. Pogledajte na\u0161e skladi\u0161te u Beogradu i sigurni smo da \u0107ete prona\u0107i odli\u010dno re\u0161enje za \u010duvanje va\u0161ih stvari!","robots":{"index":"index","follow":"follow","max-snippet":"max-snippet:-1","max-image-preview":"max-image-preview:large","max-video-preview":"max-video-preview:-1"},"canonical":"https:\/\/privatebox.rs\/sr\/srbija-beograd-27-marta-39\/","og_locale":"sr_RS","og_type":"article","og_title":"Srbija, Beograd, Ul. 27 marta, 39","og_description":"Prvi u Srbiji samoskladi\u0161tenje 24\/7 blizu va\u0161e ku\u0107e. Pogledajte na\u0161e skladi\u0161te u Beogradu i sigurni smo da \u0107ete prona\u0107i odli\u010dno re\u0161enje za \u010duvanje va\u0161ih stvari!","og_url":"https:\/\/privatebox.rs\/sr\/srbija-beograd-27-marta-39\/","og_site_name":"Private Box","article_publisher":"https:\/\/www.facebook.com\/privatebox.rs","article_modified_time":"2025-04-23T18:19:21+00:00","og_image":[{"url":"https:\/\/privatebox.rs\/wp-content\/uploads\/2024\/04\/logoinlinenew.png"}],"twitter_card":"summary_large_image","twitter_misc":{"\u041f\u0440\u043e\u0446\u0435\u045a\u0435\u043d\u043e \u0432\u0440\u0435\u043c\u0435 \u0447\u0438\u0442\u0430\u045a\u0430":"1 \u043c\u0438\u043d\u0443\u0442"},"schema":{"@context":"https:\/\/schema.org","@graph":[{"@type":"WebPage","@id":"https:\/\/privatebox.rs\/sr\/srbija-beograd-27-marta-39\/","url":"https:\/\/privatebox.rs\/sr\/srbija-beograd-27-marta-39\/","name":"Srbija, Beograd, Ul. 27 marta, 39 - Private Box","isPartOf":{"@id":"https:\/\/privatebox.rs\/sr\/#website"},"datePublished":"2023-07-03T17:20:18+00:00","dateModified":"2025-04-23T18:19:21+00:00","description":"Prvi u Srbiji samoskladi\u0161tenje 24\/7 blizu va\u0161e ku\u0107e. Pogledajte na\u0161e skladi\u0161te u Beogradu i sigurni smo da \u0107ete prona\u0107i odli\u010dno re\u0161enje za \u010duvanje va\u0161ih stvari!","breadcrumb":{"@id":"https:\/\/privatebox.rs\/sr\/srbija-beograd-27-marta-39\/#breadcrumb"},"inLanguage":"sr-RS","potentialAction":[{"@type":"ReadAction","target":["https:\/\/privatebox.rs\/sr\/srbija-beograd-27-marta-39\/"]}]},{"@type":"BreadcrumbList","@id":"https:\/\/privatebox.rs\/sr\/srbija-beograd-27-marta-39\/#breadcrumb","itemListElement":[{"@type":"ListItem","position":1,"name":"Home","item":"https:\/\/privatebox.rs\/sr\/"},{"@type":"ListItem","position":2,"name":"Srbija, Beograd, Ul. 27 marta, 39"}]},{"@type":"WebSite","@id":"https:\/\/privatebox.rs\/sr\/#website","url":"https:\/\/privatebox.rs\/sr\/","name":"Private Box Self Storage","description":"Self Storage Company Belgrade","publisher":{"@id":"https:\/\/privatebox.rs\/sr\/#organization"},"potentialAction":[{"@type":"SearchAction","target":{"@type":"EntryPoint","urlTemplate":"https:\/\/privatebox.rs\/sr\/?s={search_term_string}"},"query-input":"required name=search_term_string"}],"inLanguage":"sr-RS"},{"@type":"Organization","@id":"https:\/\/privatebox.rs\/sr\/#organization","name":"Private Box Self Storage","url":"https:\/\/privatebox.rs\/sr\/","logo":{"@type":"ImageObject","inLanguage":"sr-RS","@id":"https:\/\/privatebox.rs\/sr\/#\/schema\/logo\/image\/","url":"https:\/\/privatebox.rs\/wp-content\/uploads\/2024\/04\/logoretinafinal.png","contentUrl":"https:\/\/privatebox.rs\/wp-content\/uploads\/2024\/04\/logoretinafinal.png","width":490,"height":190,"caption":"Private Box Self Storage"},"image":{"@id":"https:\/\/privatebox.rs\/sr\/#\/schema\/logo\/image\/"},"sameAs":["https:\/\/www.facebook.com\/privatebox.rs"]}]}},"_links":{"self":[{"href":"https:\/\/privatebox.rs\/sr\/wp-json\/wp\/v2\/pages\/1004","targetHints":{"allow":["GET"]}}],"collection":[{"href":"https:\/\/privatebox.rs\/sr\/wp-json\/wp\/v2\/pages"}],"about":[{"href":"https:\/\/privatebox.rs\/sr\/wp-json\/wp\/v2\/types\/page"}],"author":[{"embeddable":true,"href":"https:\/\/privatebox.rs\/sr\/wp-json\/wp\/v2\/users\/1"}],"replies":[{"embeddable":true,"href":"https:\/\/privatebox.rs\/sr\/wp-json\/wp\/v2\/comments?post=1004"}],"version-history":[{"count":35,"href":"https:\/\/privatebox.rs\/sr\/wp-json\/wp\/v2\/pages\/1004\/revisions"}],"predecessor-version":[{"id":3173,"href":"https:\/\/privatebox.rs\/sr\/wp-json\/wp\/v2\/pages\/1004\/revisions\/3173"}],"wp:attachment":[{"href":"https:\/\/privatebox.rs\/sr\/wp-json\/wp\/v2\/media?parent=1004"}],"curies":[{"name":"wp","href":"https:\/\/api.w.org\/{rel}","templated":true}]}}